{"id":182,"date":"2021-03-29T20:52:14","date_gmt":"2021-03-29T20:52:14","guid":{"rendered":"https:\/\/www.jordanfrund.web-edu.fr\/?page_id=182"},"modified":"2021-07-23T16:50:37","modified_gmt":"2021-07-23T16:50:37","slug":"contactez-moi","status":"publish","type":"page","link":"https:\/\/www.jordanfrund.web-edu.fr\/?page_id=182","title":{"rendered":"Contactez-moi !"},"content":{"rendered":"\t\t<div data-elementor-type=\"wp-page\" data-elementor-id=\"182\" class=\"elementor elementor-182\" data-elementor-settings=\"[]\">\n\t\t\t\t\t\t\t<div class=\"elementor-section-wrap\">\n\t\t\t\t\t\t\t<section class=\"elementor-section elementor-top-section elementor-element elementor-element-2eeb2d6 elementor-section-boxed elementor-section-height-default elementor-section-height-default\" data-id=\"2eeb2d6\" data-element_type=\"section\">\n\t\t\t\t\t\t<div class=\"elementor-container elementor-column-gap-default\">\n\t\t\t\t\t<div class=\"elementor-column elementor-col-100 elementor-top-column elementor-element elementor-element-8a3b4fb\" data-id=\"8a3b4fb\" data-element_type=\"column\">\n\t\t\t<div class=\"elementor-widget-wrap elementor-element-populated\">\n\t\t\t\t\t\t\t\t<div class=\"elementor-element elementor-element-b159452 elementor-widget elementor-widget-spacer\" data-id=\"b159452\" data-element_type=\"widget\" data-widget_type=\"spacer.default\">\n\t\t\t\t<div class=\"elementor-widget-container\">\n\t\t\t\t\t<div class=\"elementor-spacer\">\n\t\t\t<div class=\"elementor-spacer-inner\"><\/div>\n\t\t<\/div>\n\t\t\t\t<\/div>\n\t\t\t\t<\/div>\n\t\t\t\t\t<\/div>\n\t\t<\/div>\n\t\t\t\t\t\t\t<\/div>\n\t\t<\/section>\n\t\t\t\t<section class=\"elementor-section elementor-top-section elementor-element elementor-element-e007526 elementor-section-boxed elementor-section-height-default elementor-section-height-default\" data-id=\"e007526\" data-element_type=\"section\">\n\t\t\t\t\t\t<div class=\"elementor-container elementor-column-gap-default\">\n\t\t\t\t\t<div class=\"elementor-column elementor-col-100 elementor-top-column elementor-element elementor-element-89805c3\" data-id=\"89805c3\" data-element_type=\"column\">\n\t\t\t<div class=\"elementor-widget-wrap elementor-element-populated\">\n\t\t\t\t\t\t\t\t<div class=\"elementor-element elementor-element-8614c69 elementor-widget elementor-widget-heading\" data-id=\"8614c69\" data-element_type=\"widget\" data-widget_type=\"heading.default\">\n\t\t\t\t<div class=\"elementor-widget-container\">\n\t\t\t<h1 class=\"elementor-heading-title elementor-size-default\">Premier emploi : le compte \u00e0 rebours est lanc\u00e9 !<\/h1>\t\t<\/div>\n\t\t\t\t<\/div>\n\t\t\t\t\t<\/div>\n\t\t<\/div>\n\t\t\t\t\t\t\t<\/div>\n\t\t<\/section>\n\t\t\t\t<section class=\"elementor-section elementor-top-section elementor-element elementor-element-c8b7571 elementor-section-boxed elementor-section-height-default elementor-section-height-default\" data-id=\"c8b7571\" data-element_type=\"section\">\n\t\t\t\t\t\t<div class=\"elementor-container elementor-column-gap-default\">\n\t\t\t\t\t<div class=\"elementor-column elementor-col-100 elementor-top-column elementor-element elementor-element-31fb878\" data-id=\"31fb878\" data-element_type=\"column\">\n\t\t\t<div class=\"elementor-widget-wrap elementor-element-populated\">\n\t\t\t\t\t\t\t\t<div class=\"elementor-element elementor-element-910c6de elementor-widget elementor-widget-text-editor\" data-id=\"910c6de\" data-element_type=\"widget\" data-widget_type=\"text-editor.default\">\n\t\t\t\t<div class=\"elementor-widget-container\">\n\t\t\t\t\t\t\t\t<p><span style=\"color: #363535;\">R\u00e9cemment titulaire d&rsquo;une Licence Professionnelle M\u00e9tiers du Num\u00e9rique \u00e0 l&rsquo;ICM de Grenoble, je suis \u00e0 la recherche de mon premier emploi. Je cherche \u00e0 rebondir rapidement dans le monde professionnel <\/span><span style=\"color: #363535;\"><span style=\"color: #363535;\">(tout en respectant mes objectifs) <\/span>afin d&rsquo;\u00e9viter une p\u00e9riode stressante sans emploi.<\/span><\/p>\n<p><span style=\"color: #363535;\">Le compte \u00e0 rebours est lanc\u00e9 !<\/span><\/p>\t\t\t\t\t\t<\/div>\n\t\t\t\t<\/div>\n\t\t\t\t\t<\/div>\n\t\t<\/div>\n\t\t\t\t\t\t\t<\/div>\n\t\t<\/section>\n\t\t\t\t<section class=\"elementor-section elementor-top-section elementor-element elementor-element-96b05e9 elementor-section-boxed elementor-section-height-default elementor-section-height-default\" data-id=\"96b05e9\" data-element_type=\"section\">\n\t\t\t\t\t\t<div class=\"elementor-container elementor-column-gap-default\">\n\t\t\t\t\t<div class=\"elementor-column elementor-col-100 elementor-top-column elementor-element elementor-element-c699403\" data-id=\"c699403\" data-element_type=\"column\">\n\t\t\t<div class=\"elementor-widget-wrap elementor-element-populated\">\n\t\t\t\t\t\t\t\t<div class=\"elementor-element elementor-element-661d7f4 elementor-widget elementor-widget-spacer\" data-id=\"661d7f4\" data-element_type=\"widget\" data-widget_type=\"spacer.default\">\n\t\t\t\t<div class=\"elementor-widget-container\">\n\t\t\t\t\t<div class=\"elementor-spacer\">\n\t\t\t<div class=\"elementor-spacer-inner\"><\/div>\n\t\t<\/div>\n\t\t\t\t<\/div>\n\t\t\t\t<\/div>\n\t\t\t\t\t<\/div>\n\t\t<\/div>\n\t\t\t\t\t\t\t<\/div>\n\t\t<\/section>\n\t\t\t\t<section class=\"elementor-section elementor-top-section elementor-element elementor-element-2abdb86 elementor-section-boxed elementor-section-height-default elementor-section-height-default\" data-id=\"2abdb86\" data-element_type=\"section\">\n\t\t\t\t\t\t<div class=\"elementor-container elementor-column-gap-default\">\n\t\t\t\t\t<div class=\"elementor-column elementor-col-66 elementor-top-column elementor-element elementor-element-fa14544\" data-id=\"fa14544\" data-element_type=\"column\">\n\t\t\t<div class=\"elementor-widget-wrap elementor-element-populated\">\n\t\t\t\t\t\t\t\t<div class=\"elementor-element elementor-element-cd168fb elementor-widget elementor-widget-text-editor\" data-id=\"cd168fb\" data-element_type=\"widget\" data-widget_type=\"text-editor.default\">\n\t\t\t\t<div class=\"elementor-widget-container\">\n\t\t\t\t\t\t\t\t<h3><span style=\"color: #363636;\">Que vous soyez \u00e9tudiant\u00b7e en qu\u00eate d&rsquo;informations sur mon parcours ou professionnel\u00b7le int\u00e9ress\u00e9\u00b7e par mon profil, n&rsquo;h\u00e9sitez pas \u00e0 me contacter \u00e0 l&rsquo;aide de ce formulaire !<\/span><\/h3>\t\t\t\t\t\t<\/div>\n\t\t\t\t<\/div>\n\t\t\t\t\t<\/div>\n\t\t<\/div>\n\t\t\t\t<div class=\"elementor-column elementor-col-33 elementor-top-column elementor-element elementor-element-919331c\" data-id=\"919331c\" data-element_type=\"column\">\n\t\t\t<div class=\"elementor-widget-wrap\">\n\t\t\t\t\t\t\t\t\t<\/div>\n\t\t<\/div>\n\t\t\t\t\t\t\t<\/div>\n\t\t<\/section>\n\t\t\t\t<section class=\"elementor-section elementor-top-section elementor-element elementor-element-9ce53c9 elementor-section-boxed elementor-section-height-default elementor-section-height-default\" data-id=\"9ce53c9\" data-element_type=\"section\">\n\t\t\t\t\t\t<div class=\"elementor-container elementor-column-gap-default\">\n\t\t\t\t\t<div class=\"elementor-column elementor-col-100 elementor-top-column elementor-element elementor-element-cbd337e\" data-id=\"cbd337e\" data-element_type=\"column\">\n\t\t\t<div class=\"elementor-widget-wrap elementor-element-populated\">\n\t\t\t\t\t\t\t\t<div class=\"elementor-element elementor-element-c015d08 elementor-widget elementor-widget-wp-widget-wpforms-widget\" data-id=\"c015d08\" data-element_type=\"widget\" data-widget_type=\"wp-widget-wpforms-widget.default\">\n\t\t\t\t<div class=\"elementor-widget-container\">\n\t\t\t<div class=\"wpforms-container wpforms-container-full\" id=\"wpforms-530\"><form id=\"wpforms-form-530\" class=\"wpforms-validate wpforms-form\" data-formid=\"530\" method=\"post\" enctype=\"multipart\/form-data\" action=\"\/index.php?rest_route=%2Fwp%2Fv2%2Fpages%2F182\" data-token=\"740f19bdb008ad626be904039ba8dc4d\"><noscript class=\"wpforms-error-noscript\">Veuillez activer JavaScript dans votre navigateur pour remplir ce formulaire.<\/noscript><div class=\"wpforms-field-container\"><div id=\"wpforms-530-field_0-container\" class=\"wpforms-field wpforms-field-name\" data-field-id=\"0\"><label class=\"wpforms-field-label\" for=\"wpforms-530-field_0\">Qui \u00eates-vous ? <span class=\"wpforms-required-label\">*<\/span><\/label><div class=\"wpforms-field-row wpforms-field-medium\"><div class=\"wpforms-field-row-block wpforms-first wpforms-one-half\"><input type=\"text\" id=\"wpforms-530-field_0\" class=\"wpforms-field-name-first wpforms-field-required\" name=\"wpforms[fields][0][first]\" required><label for=\"wpforms-530-field_0\" class=\"wpforms-field-sublabel after \">Pr\u00e9nom<\/label><\/div><div class=\"wpforms-field-row-block wpforms-one-half\"><input type=\"text\" id=\"wpforms-530-field_0-last\" class=\"wpforms-field-name-last wpforms-field-required\" name=\"wpforms[fields][0][last]\" required><label for=\"wpforms-530-field_0-last\" class=\"wpforms-field-sublabel after \">Nom<\/label><\/div><\/div><\/div><div id=\"wpforms-530-field_1-container\" class=\"wpforms-field wpforms-field-email\" data-field-id=\"1\"><label class=\"wpforms-field-label\" for=\"wpforms-530-field_1\">E-mail <span class=\"wpforms-required-label\">*<\/span><\/label><input type=\"email\" id=\"wpforms-530-field_1\" class=\"wpforms-field-medium wpforms-field-required\" name=\"wpforms[fields][1]\" required><\/div><div id=\"wpforms-530-field_2-container\" class=\"wpforms-field wpforms-field-textarea\" data-field-id=\"2\"><label class=\"wpforms-field-label\" for=\"wpforms-530-field_2\">Votre message <span class=\"wpforms-required-label\">*<\/span><\/label><textarea id=\"wpforms-530-field_2\" class=\"wpforms-field-medium wpforms-field-required\" name=\"wpforms[fields][2]\" required><\/textarea><\/div><\/div><div class=\"wpforms-submit-container\" ><input type=\"hidden\" name=\"wpforms[id]\" value=\"530\"><input type=\"hidden\" name=\"wpforms[author]\" value=\"1\"><button type=\"submit\" name=\"wpforms[submit]\" class=\"wpforms-submit \" id=\"wpforms-submit-530\" value=\"wpforms-submit\" aria-live=\"assertive\" data-alt-text=\"Envoi...\" data-submit-text=\"Envoyer\">Envoyer<\/button><\/div><\/form><\/div>  <!-- .wpforms-container -->\t\t<\/div>\n\t\t\t\t<\/div>\n\t\t\t\t\t<\/div>\n\t\t<\/div>\n\t\t\t\t\t\t\t<\/div>\n\t\t<\/section>\n\t\t\t\t<section class=\"elementor-section elementor-top-section elementor-element elementor-element-b6db810 elementor-section-boxed elementor-section-height-default elementor-section-height-default\" data-id=\"b6db810\" data-element_type=\"section\">\n\t\t\t\t\t\t<div class=\"elementor-container elementor-column-gap-default\">\n\t\t\t\t\t<div class=\"elementor-column elementor-col-100 elementor-top-column elementor-element elementor-element-50589ea\" data-id=\"50589ea\" data-element_type=\"column\">\n\t\t\t<div class=\"elementor-widget-wrap\">\n\t\t\t\t\t\t\t\t\t<\/div>\n\t\t<\/div>\n\t\t\t\t\t\t\t<\/div>\n\t\t<\/section>\n\t\t\t\t\t\t<\/div>\n\t\t\t\t\t<\/div>\n\t\t","protected":false},"excerpt":{"rendered":"<p>Premier emploi : le compte \u00e0 rebours est lanc\u00e9 ! R\u00e9cemment titulaire d&rsquo;une Licence Professionnelle M\u00e9tiers du Num\u00e9rique \u00e0 l&rsquo;ICM de Grenoble, je suis \u00e0 la recherche de mon premier emploi. Je cherche \u00e0 rebondir rapidement dans le monde professionnel (tout en respectant mes objectifs) afin d&rsquo;\u00e9viter une p\u00e9riode stressante sans emploi. Le compte \u00e0 &hellip;<\/p>\n<p class=\"read-more\"> <a class=\"\" href=\"https:\/\/www.jordanfrund.web-edu.fr\/?page_id=182\"> <span class=\"screen-reader-text\">Contactez-moi !<\/span> Lire la suite\u00a0\u00bb<\/a><\/p>\n","protected":false},"author":1,"featured_media":0,"parent":0,"menu_order":0,"comment_status":"closed","ping_status":"closed","template":"","meta":[],"yoast_head":"<!-- This site is optimized with the Yoast SEO plugin v19.4 - https:\/\/yoast.com\/wordpress\/plugins\/seo\/ -->\n<title>Contactez-moi ! &ndash; Jordan Frund<\/title>\n<meta name=\"robots\" content=\"index, follow, max-snippet:-1, max-image-preview:large, max-video-preview:-1\" \/>\n<link rel=\"canonical\" href=\"https:\/\/www.jordanfrund.web-edu.fr\/?page_id=182\" \/>\n<meta property=\"og:locale\" content=\"fr_FR\" \/>\n<meta property=\"og:type\" content=\"article\" \/>\n<meta property=\"og:title\" content=\"Contactez-moi ! &ndash; Jordan Frund\" \/>\n<meta property=\"og:description\" content=\"Premier emploi : le compte \u00e0 rebours est lanc\u00e9 ! R\u00e9cemment titulaire d&rsquo;une Licence Professionnelle M\u00e9tiers du Num\u00e9rique \u00e0 l&rsquo;ICM de Grenoble, je suis \u00e0 la recherche de mon premier emploi. Je cherche \u00e0 rebondir rapidement dans le monde professionnel (tout en respectant mes objectifs) afin d&rsquo;\u00e9viter une p\u00e9riode stressante sans emploi. Le compte \u00e0 &hellip; Contactez-moi ! Lire la suite\u00a0\u00bb\" \/>\n<meta property=\"og:url\" content=\"https:\/\/www.jordanfrund.web-edu.fr\/?page_id=182\" \/>\n<meta property=\"og:site_name\" content=\"Jordan Frund\" \/>\n<meta property=\"article:modified_time\" content=\"2021-07-23T16:50:37+00:00\" \/>\n<meta name=\"twitter:card\" content=\"summary_large_image\" \/>\n<meta name=\"twitter:label1\" content=\"Dur\u00e9e de lecture estim\u00e9e\" \/>\n\t<meta name=\"twitter:data1\" content=\"1 minute\" \/>\n<script type=\"application\/ld+json\" class=\"yoast-schema-graph\">{\"@context\":\"https:\/\/schema.org\",\"@graph\":[{\"@type\":[\"Person\",\"Organization\"],\"@id\":\"https:\/\/www.jordanfrund.web-edu.fr\/#\/schema\/person\/abbda4167e3b6f69d82dd86adc62d040\",\"name\":\"admin\",\"image\":{\"@type\":\"ImageObject\",\"inLanguage\":\"fr-FR\",\"@id\":\"https:\/\/www.jordanfrund.web-edu.fr\/#\/schema\/person\/image\/\",\"url\":\"https:\/\/secure.gravatar.com\/avatar\/90887b973969893f17f90ff3afe69780?s=96&d=mm&r=g\",\"contentUrl\":\"https:\/\/secure.gravatar.com\/avatar\/90887b973969893f17f90ff3afe69780?s=96&d=mm&r=g\",\"caption\":\"admin\"},\"logo\":{\"@id\":\"https:\/\/www.jordanfrund.web-edu.fr\/#\/schema\/person\/image\/\"},\"sameAs\":[\"https:\/\/www.jordanfrund.web-edu.fr\"]},{\"@type\":\"WebSite\",\"@id\":\"https:\/\/www.jordanfrund.web-edu.fr\/#website\",\"url\":\"https:\/\/www.jordanfrund.web-edu.fr\/\",\"name\":\"Jordan Frund\",\"description\":\"Communication et cr\u00e9ativit\u00e9\",\"publisher\":{\"@id\":\"https:\/\/www.jordanfrund.web-edu.fr\/#\/schema\/person\/abbda4167e3b6f69d82dd86adc62d040\"},\"potentialAction\":[{\"@type\":\"SearchAction\",\"target\":{\"@type\":\"EntryPoint\",\"urlTemplate\":\"https:\/\/www.jordanfrund.web-edu.fr\/?s={search_term_string}\"},\"query-input\":\"required name=search_term_string\"}],\"inLanguage\":\"fr-FR\"},{\"@type\":\"WebPage\",\"@id\":\"https:\/\/www.jordanfrund.web-edu.fr\/?page_id=182\",\"url\":\"https:\/\/www.jordanfrund.web-edu.fr\/?page_id=182\",\"name\":\"Contactez-moi ! &ndash; Jordan Frund\",\"isPartOf\":{\"@id\":\"https:\/\/www.jordanfrund.web-edu.fr\/#website\"},\"datePublished\":\"2021-03-29T20:52:14+00:00\",\"dateModified\":\"2021-07-23T16:50:37+00:00\",\"breadcrumb\":{\"@id\":\"https:\/\/www.jordanfrund.web-edu.fr\/?page_id=182#breadcrumb\"},\"inLanguage\":\"fr-FR\",\"potentialAction\":[{\"@type\":\"ReadAction\",\"target\":[\"https:\/\/www.jordanfrund.web-edu.fr\/?page_id=182\"]}]},{\"@type\":\"BreadcrumbList\",\"@id\":\"https:\/\/www.jordanfrund.web-edu.fr\/?page_id=182#breadcrumb\",\"itemListElement\":[{\"@type\":\"ListItem\",\"position\":1,\"name\":\"Accueil\",\"item\":\"https:\/\/www.jordanfrund.web-edu.fr\/\"},{\"@type\":\"ListItem\",\"position\":2,\"name\":\"Contactez-moi !\"}]}]}<\/script>\n<!-- \/ Yoast SEO plugin. -->","yoast_head_json":{"title":"Contactez-moi ! &ndash; Jordan Frund","robots":{"index":"index","follow":"follow","max-snippet":"max-snippet:-1","max-image-preview":"max-image-preview:large","max-video-preview":"max-video-preview:-1"},"canonical":"https:\/\/www.jordanfrund.web-edu.fr\/?page_id=182","og_locale":"fr_FR","og_type":"article","og_title":"Contactez-moi ! &ndash; Jordan Frund","og_description":"Premier emploi : le compte \u00e0 rebours est lanc\u00e9 ! R\u00e9cemment titulaire d&rsquo;une Licence Professionnelle M\u00e9tiers du Num\u00e9rique \u00e0 l&rsquo;ICM de Grenoble, je suis \u00e0 la recherche de mon premier emploi. Je cherche \u00e0 rebondir rapidement dans le monde professionnel (tout en respectant mes objectifs) afin d&rsquo;\u00e9viter une p\u00e9riode stressante sans emploi. Le compte \u00e0 &hellip; Contactez-moi ! Lire la suite\u00a0\u00bb","og_url":"https:\/\/www.jordanfrund.web-edu.fr\/?page_id=182","og_site_name":"Jordan Frund","article_modified_time":"2021-07-23T16:50:37+00:00","twitter_card":"summary_large_image","twitter_misc":{"Dur\u00e9e de lecture estim\u00e9e":"1 minute"},"schema":{"@context":"https:\/\/schema.org","@graph":[{"@type":["Person","Organization"],"@id":"https:\/\/www.jordanfrund.web-edu.fr\/#\/schema\/person\/abbda4167e3b6f69d82dd86adc62d040","name":"admin","image":{"@type":"ImageObject","inLanguage":"fr-FR","@id":"https:\/\/www.jordanfrund.web-edu.fr\/#\/schema\/person\/image\/","url":"https:\/\/secure.gravatar.com\/avatar\/90887b973969893f17f90ff3afe69780?s=96&d=mm&r=g","contentUrl":"https:\/\/secure.gravatar.com\/avatar\/90887b973969893f17f90ff3afe69780?s=96&d=mm&r=g","caption":"admin"},"logo":{"@id":"https:\/\/www.jordanfrund.web-edu.fr\/#\/schema\/person\/image\/"},"sameAs":["https:\/\/www.jordanfrund.web-edu.fr"]},{"@type":"WebSite","@id":"https:\/\/www.jordanfrund.web-edu.fr\/#website","url":"https:\/\/www.jordanfrund.web-edu.fr\/","name":"Jordan Frund","description":"Communication et cr\u00e9ativit\u00e9","publisher":{"@id":"https:\/\/www.jordanfrund.web-edu.fr\/#\/schema\/person\/abbda4167e3b6f69d82dd86adc62d040"},"potentialAction":[{"@type":"SearchAction","target":{"@type":"EntryPoint","urlTemplate":"https:\/\/www.jordanfrund.web-edu.fr\/?s={search_term_string}"},"query-input":"required name=search_term_string"}],"inLanguage":"fr-FR"},{"@type":"WebPage","@id":"https:\/\/www.jordanfrund.web-edu.fr\/?page_id=182","url":"https:\/\/www.jordanfrund.web-edu.fr\/?page_id=182","name":"Contactez-moi ! &ndash; Jordan Frund","isPartOf":{"@id":"https:\/\/www.jordanfrund.web-edu.fr\/#website"},"datePublished":"2021-03-29T20:52:14+00:00","dateModified":"2021-07-23T16:50:37+00:00","breadcrumb":{"@id":"https:\/\/www.jordanfrund.web-edu.fr\/?page_id=182#breadcrumb"},"inLanguage":"fr-FR","potentialAction":[{"@type":"ReadAction","target":["https:\/\/www.jordanfrund.web-edu.fr\/?page_id=182"]}]},{"@type":"BreadcrumbList","@id":"https:\/\/www.jordanfrund.web-edu.fr\/?page_id=182#breadcrumb","itemListElement":[{"@type":"ListItem","position":1,"name":"Accueil","item":"https:\/\/www.jordanfrund.web-edu.fr\/"},{"@type":"ListItem","position":2,"name":"Contactez-moi !"}]}]}},"_links":{"self":[{"href":"https:\/\/www.jordanfrund.web-edu.fr\/index.php?rest_route=\/wp\/v2\/pages\/182"}],"collection":[{"href":"https:\/\/www.jordanfrund.web-edu.fr\/index.php?rest_route=\/wp\/v2\/pages"}],"about":[{"href":"https:\/\/www.jordanfrund.web-edu.fr\/index.php?rest_route=\/wp\/v2\/types\/page"}],"author":[{"embeddable":true,"href":"https:\/\/www.jordanfrund.web-edu.fr\/index.php?rest_route=\/wp\/v2\/users\/1"}],"replies":[{"embeddable":true,"href":"https:\/\/www.jordanfrund.web-edu.fr\/index.php?rest_route=%2Fwp%2Fv2%2Fcomments&post=182"}],"version-history":[{"count":76,"href":"https:\/\/www.jordanfrund.web-edu.fr\/index.php?rest_route=\/wp\/v2\/pages\/182\/revisions"}],"predecessor-version":[{"id":752,"href":"https:\/\/www.jordanfrund.web-edu.fr\/index.php?rest_route=\/wp\/v2\/pages\/182\/revisions\/752"}],"wp:attachment":[{"href":"https:\/\/www.jordanfrund.web-edu.fr\/index.php?rest_route=%2Fwp%2Fv2%2Fmedia&parent=182"}],"curies":[{"name":"wp","href":"https:\/\/api.w.org\/{rel}","templated":true}]}}